{"id":55,"date":"2016-03-25T23:34:17","date_gmt":"2016-03-25T23:34:17","guid":{"rendered":"http:\/\/mintkreativ.hittinger.de\/?page_id=55"},"modified":"2016-03-26T00:44:09","modified_gmt":"2016-03-26T00:44:09","slug":"sicherstellung-der-dauerhaften-grenzueberschreitenden-zusammenarbeit","status":"publish","type":"page","link":"http:\/\/mintkreativ.hittinger.de\/?page_id=55","title":{"rendered":"07 Best\u00e4ndigkeit"},"content":{"rendered":"<p><strong>Mithilfe dieses Projektes wird die grenz\u00fcberschreitende Zusammenarbeit der beteiligten Projektpartner nicht nur gefestigt, sondern aufgrund der technischen Ausrichtung und der gegenseitigen Abh\u00e4ngigkeit aller beteiligten Partner f\u00fcr die Erreichung der nachhaltigen Projektziele grunds\u00e4tzlich auch dauerhaft gesichert.<\/strong><\/p>\n<p>Die Kooperation mit der technischen Berufsschule in Kufstein erm\u00f6glicht der beteiligten bayerischen Realschule eine \u00fcber das Projekt wirkende Zusammenarbeit im Bereich Entwicklung und Produktion von 3D-Elementen f\u00fcr den Bereich Robotik. Die Kufsteiner Mittelschule profitiert \u00fcber das Projekt hinaus von der langj\u00e4hrigen Erfahrung der Johann-Rieder-Realschule im Bereich Robotik und wird daher den Kontakt auch \u00fcber den Projektzeitraum hinaus pflegen. Die Grund- und Volksschule werden weiterhin gemeinsam mit den UMT-Materialien arbeiten und ihre Erfahrungen und Ergebnisse regelm\u00e4\u00dfig gegenseitig austauschen. Beide Schulen halten zudem Kontakt zu den Sekundarschulen, um das initiierte Tutorensystem, bei dem Sch\u00fcler von Sch\u00fclern lernen, am Leben zu halten.<\/p>\n<p><strong>Mithilfe der Neuen Medien ist es mit Beendigung des Projektes sehr einfach m\u00f6glich, Kontakte zu pflegen, Videokonferenzen zu schalten und sich regelm\u00e4\u00dfig an mehreren Terminen im Jahr \u00fcber Mail und\/oder Skype auszutauschen.<\/strong><\/p>\n<p><strong>Die Entscheidungstr\u00e4ger der Schulen kooperieren bei Projekten der Grenzregion dauerhaft und pflegen den gemeinsamen Informationsaustausch.<\/strong><\/p>\n<p>Mit der Einrichtung der grenz\u00fcberschreitenden Schulmesse ist gew\u00e4hrleistet, dass sich die Projektpartner mindestens einmal j\u00e4hrlich treffen und \u00fcber die Weiterentwicklungen im Bereich der Schule sprechen sowie die Kontakte zu den externen Partnern aus dem Bereich der Wirtschaft pflegen. So k\u00f6nnen neue Projektideen entstehen und verwirklicht werden, die ohne das aktuelle Projekt nicht m\u00f6glich gewesen w\u00e4ren.<\/p>\n","protected":false},"excerpt":{"rendered":"<p>Mithilfe dieses Projektes wird die grenz\u00fcberschreitende Zusammenarbeit der beteiligten Projektpartner nicht nur gefestigt, sondern aufgrund der technischen Ausrichtung und der gegenseitigen Abh\u00e4ngigkeit aller beteiligten Partner f\u00fcr die Erreichung der nachhaltigen Projektziele grunds\u00e4tzlich auch dauerhaft gesichert. Die Kooperation mit der technischen Berufsschule in Kufstein erm\u00f6glicht der beteiligten bayerischen Realschule eine \u00fcber das Projekt wirkende Zusammenarbeit im&#8230;<\/p>\n","protected":false},"author":1,"featured_media":0,"parent":0,"menu_order":0,"comment_status":"closed","ping_status":"closed","template":"","meta":{"footnotes":""},"class_list":["post-55","page","type-page","status-publish","hentry"],"_links":{"self":[{"href":"http:\/\/mintkreativ.hittinger.de\/index.php?rest_route=\/wp\/v2\/pages\/55","targetHints":{"allow":["GET"]}}],"collection":[{"href":"http:\/\/mintkreativ.hittinger.de\/index.php?rest_route=\/wp\/v2\/pages"}],"about":[{"href":"http:\/\/mintkreativ.hittinger.de\/index.php?rest_route=\/wp\/v2\/types\/page"}],"author":[{"embeddable":true,"href":"http:\/\/mintkreativ.hittinger.de\/index.php?rest_route=\/wp\/v2\/users\/1"}],"replies":[{"embeddable":true,"href":"http:\/\/mintkreativ.hittinger.de\/index.php?rest_route=%2Fwp%2Fv2%2Fcomments&post=55"}],"version-history":[{"count":3,"href":"http:\/\/mintkreativ.hittinger.de\/index.php?rest_route=\/wp\/v2\/pages\/55\/revisions"}],"predecessor-version":[{"id":108,"href":"http:\/\/mintkreativ.hittinger.de\/index.php?rest_route=\/wp\/v2\/pages\/55\/revisions\/108"}],"wp:attachment":[{"href":"http:\/\/mintkreativ.hittinger.de\/index.php?rest_route=%2Fwp%2Fv2%2Fmedia&parent=55"}],"curies":[{"name":"wp","href":"https:\/\/api.w.org\/{rel}","templated":true}]}}