{"id":53,"date":"2016-03-25T23:32:59","date_gmt":"2016-03-25T23:32:59","guid":{"rendered":"http:\/\/mintkreativ.hittinger.de\/?page_id=53"},"modified":"2016-03-26T00:43:45","modified_gmt":"2016-03-26T00:43:45","slug":"grenzueberschreitende-mehrwert-des-projektes","status":"publish","type":"page","link":"http:\/\/mintkreativ.hittinger.de\/?page_id=53","title":{"rendered":"06 Mehrwert"},"content":{"rendered":"<p>Im geplanten Projekt ist die St\u00e4rkung der grenz\u00fcberschreitenden Zusammenarbeit von Schulen und die sich daraus ergebende engere Zusammenarbeit der Schultr\u00e4ger in Bayern und Tirol eine wesentliche Grundvoraussetzung f\u00fcr das Gelingen der Projektziele.<\/p>\n<p><strong>Die bereits bestehenden Kontakte zwischen bayerischer Grundschule und Tiroler Volksschule sowie der beteiligten Real- bzw. Mittelschule sollen dabei weiter ausgebaut und intensiviert werden. Neu ist die Vernetzung aller Schultypen in diesem Projekt.<\/strong><\/p>\n<p><strong>Anhand des Projektentwurfes wird klar ersichtlich, dass die Schulen nur gemeinsam und auch nur grenz\u00fcberschreitend kooperieren k\u00f6nnen, um die gew\u00e4hlten Ziele zu erreichen.<\/strong><\/p>\n<p>Im Bereich der beruflichen Bildung arbeiten die Schulen mit der technischen Berufsschule in Kufstein zusammen, die Hochschule Kufstein wird als Experte das Projekt unterst\u00fctzen. Die langj\u00e4hrigen und guten Beziehungen der Johann-Rieder-Realschule zur Hochschule Rosenheim, Fachbereich Informatik, runden diese grenz\u00fcberschreitende Kooperation ab.<\/p>\n<p><strong>Die Einbindung des beruflichen Feldes in die Kooperation der beteiligten Schulen ist im Rahmen dieses Projektes ein aktuell einzigartiger Ansatz und wird mit Erreichen der Projektziele als Leuchtturmprojekt f\u00fcr die Grenzregion gelten und dadurch wirksam sein.<\/strong><\/p>\n<p><strong>\u00dcber die Projektdauer hinaus wird sich so eine starke Kooperation zwischen den Entscheidungstr\u00e4gern der beteiligten Institutionen bilden.<\/strong><\/p>\n<p>Jeder Schultyp verf\u00fcgt \u00fcber eigene Kompetenzen. Der Austausch ungeachtet der nationalen Grenzen st\u00e4rkt langfristig gesehen nicht nur die St\u00e4rken der teilnehmenden Sch\u00fcler und Lehrenden sondern auch die MINT-Kompetenz der Schulen und der gesamten Grenzregion als attraktiven Schulstandort.<\/p>\n","protected":false},"excerpt":{"rendered":"<p>Im geplanten Projekt ist die St\u00e4rkung der grenz\u00fcberschreitenden Zusammenarbeit von Schulen und die sich daraus ergebende engere Zusammenarbeit der Schultr\u00e4ger in Bayern und Tirol eine wesentliche Grundvoraussetzung f\u00fcr das Gelingen der Projektziele. Die bereits bestehenden Kontakte zwischen bayerischer Grundschule und Tiroler Volksschule sowie der beteiligten Real- bzw. Mittelschule sollen dabei weiter ausgebaut und intensiviert werden&#8230;.<\/p>\n","protected":false},"author":1,"featured_media":0,"parent":0,"menu_order":0,"comment_status":"closed","ping_status":"closed","template":"","meta":{"footnotes":""},"class_list":["post-53","page","type-page","status-publish","hentry"],"_links":{"self":[{"href":"http:\/\/mintkreativ.hittinger.de\/index.php?rest_route=\/wp\/v2\/pages\/53","targetHints":{"allow":["GET"]}}],"collection":[{"href":"http:\/\/mintkreativ.hittinger.de\/index.php?rest_route=\/wp\/v2\/pages"}],"about":[{"href":"http:\/\/mintkreativ.hittinger.de\/index.php?rest_route=\/wp\/v2\/types\/page"}],"author":[{"embeddable":true,"href":"http:\/\/mintkreativ.hittinger.de\/index.php?rest_route=\/wp\/v2\/users\/1"}],"replies":[{"embeddable":true,"href":"http:\/\/mintkreativ.hittinger.de\/index.php?rest_route=%2Fwp%2Fv2%2Fcomments&post=53"}],"version-history":[{"count":3,"href":"http:\/\/mintkreativ.hittinger.de\/index.php?rest_route=\/wp\/v2\/pages\/53\/revisions"}],"predecessor-version":[{"id":107,"href":"http:\/\/mintkreativ.hittinger.de\/index.php?rest_route=\/wp\/v2\/pages\/53\/revisions\/107"}],"wp:attachment":[{"href":"http:\/\/mintkreativ.hittinger.de\/index.php?rest_route=%2Fwp%2Fv2%2Fmedia&parent=53"}],"curies":[{"name":"wp","href":"https:\/\/api.w.org\/{rel}","templated":true}]}}