{"id":43,"date":"2016-03-25T23:26:25","date_gmt":"2016-03-25T23:26:25","guid":{"rendered":"http:\/\/mintkreativ.hittinger.de\/?page_id=43"},"modified":"2016-03-25T23:35:20","modified_gmt":"2016-03-25T23:35:20","slug":"ausgangslage","status":"publish","type":"page","link":"http:\/\/mintkreativ.hittinger.de\/?page_id=43","title":{"rendered":"02 Ausgangslage"},"content":{"rendered":"<p>Die Schulen in Bayern und Tirol bieten eine qualitativ hochwertige Ausbildung an, die auch differenziert auf leistungsschwache und leistungsstarke Sch\u00fcler eingeht. Bisher existieren allerdings noch immer zu wenige schulische Kontakte im direkten Grenzgebiet. Im beruflichen Bildungsbereich nutzen in den letzten Jahren verst\u00e4rkt Sch\u00fcler grenz\u00fcbergreifend die unterschiedlichen Ausbildungssysteme der beiden L\u00e4nder. Dennoch ist das Wissen \u00fcber diese M\u00f6glichkeit der grenz\u00fcberschreitenden Ausbildung nur wenigen bekannt.<\/p>\n<p>Mit Unterst\u00fctzung der Euregio und in der Zusammenarbeit der St\u00e4dte Rosenheim und Kufstein entstand 2014 die erste schulbezogene Euregio-Partnerschaft, die neben den seit drei Jahren sehr erfolgreich initiierten Schulmessen in Kufstein und Rosenheim auch das erste Euregio-Projekt von vier Schulen in die Wege geleitet hat. Dieses Projekt wurde 2015 mit dem MINT21 Preis f\u00fcr Oberbayern-Ost ausgezeichnet.<\/p>\n<p>Innerhalb des sehr erfolgreich abgeschlossenen Euregio-Projektes ist eine enge, schulart\u00fcbergreifende Zusammenarbeit entstanden, die nun auf neue Projektpartner und ein v\u00f6llig neues Projektkonzept ausgeweitet werden konnte.<\/p>\n<p>Damit stehen im neuen Projekt insgesamt sechs Projektpartner zur Verf\u00fcgung, die im Bereich MINT<em>kreativ<\/em> arbeiten werden. Dies sind neben der Johann-Rieder-Realschule, vertreten durch den F\u00f6rderverein der Johann-Rieder-Realschule, die Prinzregentenschule Rosenheim, die Neue Mittelschule II Kufstein, die Volksschule Kufstein Stadt, die technische Berufsschule Kufstein sowie die Hochschule Kufstein.<\/p>\n<p><strong>Die neue Projektausrichtung zielt nun ganz klar auf die Einbeziehung der beruflichen Schulbereiche in das Kooperationsmodell ab und m\u00f6chte zugleich den Aufbau der technischen<\/strong> <strong>Kompetenzen an<\/strong> <strong>den Grundschulen f\u00f6rdern. Diese beiden Schwerpunkte stellen einen wesentlichen Mehrwert f\u00fcr das gesamte Projekt dar und sind gleichzeitig zwei grundst\u00e4ndig neue Projektziele, die bisher noch von keiner Schule in der grenz\u00fcberschreitenden Partnerschaft erarbeitet wurden. <\/strong><\/p>\n<p><strong>Modernste technische Medien und Materialien, z. B. 3D-Drucker und UMT-Materialien f\u00fcr die Grundschulen, werden diesmal in die Umsetzung des Projektes mit einbezogen.<\/strong><\/p>\n","protected":false},"excerpt":{"rendered":"<p>Die Schulen in Bayern und Tirol bieten eine qualitativ hochwertige Ausbildung an, die auch differenziert auf leistungsschwache und leistungsstarke Sch\u00fcler eingeht. Bisher existieren allerdings noch immer zu wenige schulische Kontakte im direkten Grenzgebiet. Im beruflichen Bildungsbereich nutzen in den letzten Jahren verst\u00e4rkt Sch\u00fcler grenz\u00fcbergreifend die unterschiedlichen Ausbildungssysteme der beiden L\u00e4nder. Dennoch ist das Wissen \u00fcber&#8230;<\/p>\n","protected":false},"author":1,"featured_media":0,"parent":0,"menu_order":0,"comment_status":"closed","ping_status":"closed","template":"","meta":{"footnotes":""},"class_list":["post-43","page","type-page","status-publish","hentry"],"_links":{"self":[{"href":"http:\/\/mintkreativ.hittinger.de\/index.php?rest_route=\/wp\/v2\/pages\/43","targetHints":{"allow":["GET"]}}],"collection":[{"href":"http:\/\/mintkreativ.hittinger.de\/index.php?rest_route=\/wp\/v2\/pages"}],"about":[{"href":"http:\/\/mintkreativ.hittinger.de\/index.php?rest_route=\/wp\/v2\/types\/page"}],"author":[{"embeddable":true,"href":"http:\/\/mintkreativ.hittinger.de\/index.php?rest_route=\/wp\/v2\/users\/1"}],"replies":[{"embeddable":true,"href":"http:\/\/mintkreativ.hittinger.de\/index.php?rest_route=%2Fwp%2Fv2%2Fcomments&post=43"}],"version-history":[{"count":3,"href":"http:\/\/mintkreativ.hittinger.de\/index.php?rest_route=\/wp\/v2\/pages\/43\/revisions"}],"predecessor-version":[{"id":59,"href":"http:\/\/mintkreativ.hittinger.de\/index.php?rest_route=\/wp\/v2\/pages\/43\/revisions\/59"}],"wp:attachment":[{"href":"http:\/\/mintkreativ.hittinger.de\/index.php?rest_route=%2Fwp%2Fv2%2Fmedia&parent=43"}],"curies":[{"name":"wp","href":"https:\/\/api.w.org\/{rel}","templated":true}]}}