{"id":143,"date":"2016-03-26T01:40:55","date_gmt":"2016-03-26T01:40:55","guid":{"rendered":"http:\/\/mintkreativ.de\/?page_id=143"},"modified":"2016-05-16T23:44:06","modified_gmt":"2016-05-16T23:44:06","slug":"volksschule-kufstein-stadt","status":"publish","type":"page","link":"http:\/\/mintkreativ.hittinger.de\/?page_id=143","title":{"rendered":"Volksschule Kufstein Stadt"},"content":{"rendered":"<p>Direktion VS Kufstein Stadt<br \/>\nMag. Bettina Gr\u00fcndhammer, BEd<br \/>\nKinkstra\u00dfe 3<br \/>\nA-6330 Kufstein<br \/>\n<a href=\"http:\/\/www.vs-kufsteinstadt.tsn.at\/\">www.vs-kufsteinstadt.tsn.at<\/a><\/p>\n<p><strong>Uns verbindet das Wasser\u2026<\/strong><\/p>\n<p>Zwei Klassen der Volksschule Kufstein Stadt mit ihren Lehrerinnen Magdalena Klammer und Angelika Waltl samt der Schulleiterin Bettina Gr\u00fcndhammer sind dieses Schuljahr am Euregio-Projekt MINTkreativ aktiv.<\/p>\n<p>Unter dem Motto \u201eWasser verbindet uns\u201c werden wir gemeinsam mit unserer Partnerschule, der Prinzregentenschule Rosenheim, den Verbindungsfluss Inn n\u00e4her unter die Lupe nehmen. Wasser spielt in unserem Schulalltag eine gro\u00dfe Rolle und durch dieses Euregio-Projekt intensivieren wir die Besch\u00e4ftigung mit dem spannenden Thema.<\/p>\n<p>Die Vorfreude auf den gemeinsamen Projekttag im Juni mit den Grundsch\u00fcler\/innen der Prinzregentenschule ist schon jetzt gro\u00df: Zeit zusammen am Wasser!<\/p>\n<p><img loading=\"lazy\" decoding=\"async\" class=\"aligncenter size-medium wp-image-177\" src=\"http:\/\/mintkreativ.hittinger.de\/wp-content\/uploads\/2016\/03\/Tirol-300x200.jpg\" alt=\"Tirol\" width=\"300\" height=\"200\" srcset=\"http:\/\/mintkreativ.hittinger.de\/wp-content\/uploads\/2016\/03\/Tirol-300x200.jpg 300w, http:\/\/mintkreativ.hittinger.de\/wp-content\/uploads\/2016\/03\/Tirol-768x512.jpg 768w, http:\/\/mintkreativ.hittinger.de\/wp-content\/uploads\/2016\/03\/Tirol.jpg 800w\" sizes=\"auto, (max-width: 300px) 100vw, 300px\" \/><\/p>\n<p>So macht Technik Spa\u00df, eifrige Grundsch\u00fcler\/innen am Werken.<\/p>\n<p><strong>Fotonachweis:<\/strong> VS Kufstein Stadt<\/p>\n","protected":false},"excerpt":{"rendered":"<p>Direktion VS Kufstein Stadt Mag. Bettina Gr\u00fcndhammer, BEd Kinkstra\u00dfe 3 A-6330 Kufstein www.vs-kufsteinstadt.tsn.at Uns verbindet das Wasser\u2026 Zwei Klassen der Volksschule Kufstein Stadt mit ihren Lehrerinnen Magdalena Klammer und Angelika Waltl samt der Schulleiterin Bettina Gr\u00fcndhammer sind dieses Schuljahr am Euregio-Projekt MINTkreativ aktiv. Unter dem Motto \u201eWasser verbindet uns\u201c werden wir gemeinsam mit unserer Partnerschule,&#8230;<\/p>\n","protected":false},"author":1,"featured_media":161,"parent":0,"menu_order":0,"comment_status":"closed","ping_status":"closed","template":"","meta":{"footnotes":""},"class_list":["post-143","page","type-page","status-publish","has-post-thumbnail","hentry"],"_links":{"self":[{"href":"http:\/\/mintkreativ.hittinger.de\/index.php?rest_route=\/wp\/v2\/pages\/143","targetHints":{"allow":["GET"]}}],"collection":[{"href":"http:\/\/mintkreativ.hittinger.de\/index.php?rest_route=\/wp\/v2\/pages"}],"about":[{"href":"http:\/\/mintkreativ.hittinger.de\/index.php?rest_route=\/wp\/v2\/types\/page"}],"author":[{"embeddable":true,"href":"http:\/\/mintkreativ.hittinger.de\/index.php?rest_route=\/wp\/v2\/users\/1"}],"replies":[{"embeddable":true,"href":"http:\/\/mintkreativ.hittinger.de\/index.php?rest_route=%2Fwp%2Fv2%2Fcomments&post=143"}],"version-history":[{"count":2,"href":"http:\/\/mintkreativ.hittinger.de\/index.php?rest_route=\/wp\/v2\/pages\/143\/revisions"}],"predecessor-version":[{"id":180,"href":"http:\/\/mintkreativ.hittinger.de\/index.php?rest_route=\/wp\/v2\/pages\/143\/revisions\/180"}],"wp:featuredmedia":[{"embeddable":true,"href":"http:\/\/mintkreativ.hittinger.de\/index.php?rest_route=\/wp\/v2\/media\/161"}],"wp:attachment":[{"href":"http:\/\/mintkreativ.hittinger.de\/index.php?rest_route=%2Fwp%2Fv2%2Fmedia&parent=143"}],"curies":[{"name":"wp","href":"https:\/\/api.w.org\/{rel}","templated":true}]}}