{"id":141,"date":"2016-03-26T01:39:49","date_gmt":"2016-03-26T01:39:49","guid":{"rendered":"http:\/\/mintkreativ.de\/?page_id=141"},"modified":"2017-03-21T14:45:29","modified_gmt":"2017-03-21T14:45:29","slug":"neue-mittelschule-ii-kufstein","status":"publish","type":"page","link":"http:\/\/mintkreativ.hittinger.de\/?page_id=141","title":{"rendered":"Neue Mittelschule II Kufstein"},"content":{"rendered":"<p><strong>Neue Mittelschule 2 &#8211; NMS2<\/strong><br \/>\nFischergries 32<br \/>\n44330 Kufstein<\/p>\n<p><strong>Kontakt:<\/strong> HD Josef Reider<\/p>\n<p><strong>Wir legen Wert darauf, dass<\/strong><\/p>\n<ul>\n<li>unsere Sch\u00fcler an der NMS II Kufstein optimale Voraussetzungen f\u00fcr ihren sp\u00e4teren Lebensweg mitbekommen; kurz gesagt: das R\u00fcstzeug f\u00fcr das sp\u00e4tere schulische bzw. berufliche Leben!<\/li>\n<li>ein freundschaftlicher Umgang mit der n\u00f6tigen Konsequenz auch in p\u00e4dagogischer Hinsicht und ebenso ein entsprechendes Vertrauen in die Schule f\u00fcr eine funktionierende Schulgemeinschaft gewahrt wird.<\/li>\n<li>Kontinuit\u00e4t in der Arbeit (Bew\u00e4hrtes erhalten) gegeben ist. Str\u00f6mungen (Neuerungen) der Zeit werden wir uns aber nicht verschlie\u00dfen, sondern sie in unseren Unterricht und unsere Padagogik einbauen.<\/li>\n<li>die KollegInnen die gr\u00f6\u00dftm\u00f6gliche Unterst\u00fctzung erhalten, um dieses Hauptziel auch umsetzen zu k\u00f6nnen.<\/li>\n<li>die Zusammenarbeit mit den Eltern, au\u00dferschulischen Institutionen, den Sprengelgemeinden und mit allen, die am schulischen Leben beteiligt sind, immer ein wichtiger Kooperationsbaustein sein wird.<\/li>\n<\/ul>\n<p><strong>Die Eltern unserer Kinder sollen sp\u00fcren,<\/strong><\/p>\n<ul>\n<li>dass Ihre Kinder bei uns gut aufgehoben sind.<\/li>\n<li>dass sie das lernen, was sie sp\u00e4ter brauchen (auch im Umgang miteinander).<\/li>\n<li>dass man sich auf die Lehrerschaft verlassen kann.<\/li>\n<li>dass an der NMS II Kufstein gute Arbeit geleistet wird (die NMS\/HS II der richtige Platz f\u00fcr sie ist).<\/li>\n<li>dass es schlussendlich eine Schule ist, in der man sich wohl f\u00fchlt.<\/li>\n<\/ul>\n<p><img loading=\"lazy\" decoding=\"async\" class=\"aligncenter size-large wp-image-214\" src=\"http:\/\/mintkreativ.hittinger.de\/wp-content\/uploads\/2016\/03\/Robotik-700x744.jpg\" alt=\"\" width=\"700\" height=\"744\" srcset=\"http:\/\/mintkreativ.hittinger.de\/wp-content\/uploads\/2016\/03\/Robotik-700x744.jpg 700w, http:\/\/mintkreativ.hittinger.de\/wp-content\/uploads\/2016\/03\/Robotik-282x300.jpg 282w, http:\/\/mintkreativ.hittinger.de\/wp-content\/uploads\/2016\/03\/Robotik-768x817.jpg 768w, http:\/\/mintkreativ.hittinger.de\/wp-content\/uploads\/2016\/03\/Robotik-800x851.jpg 800w, http:\/\/mintkreativ.hittinger.de\/wp-content\/uploads\/2016\/03\/Robotik.jpg 1741w\" sizes=\"auto, (max-width: 700px) 100vw, 700px\" \/><\/p>\n","protected":false},"excerpt":{"rendered":"<p>Neue Mittelschule 2 &#8211; NMS2 Fischergries 32 44330 Kufstein Kontakt: HD Josef Reider Wir legen Wert darauf, dass unsere Sch\u00fcler an der NMS II Kufstein optimale Voraussetzungen f\u00fcr ihren sp\u00e4teren Lebensweg mitbekommen; kurz gesagt: das R\u00fcstzeug f\u00fcr das sp\u00e4tere schulische bzw. berufliche Leben! ein freundschaftlicher Umgang mit der n\u00f6tigen Konsequenz auch in p\u00e4dagogischer Hinsicht und&#8230;<\/p>\n","protected":false},"author":1,"featured_media":0,"parent":0,"menu_order":0,"comment_status":"closed","ping_status":"closed","template":"","meta":{"footnotes":""},"class_list":["post-141","page","type-page","status-publish","hentry"],"_links":{"self":[{"href":"http:\/\/mintkreativ.hittinger.de\/index.php?rest_route=\/wp\/v2\/pages\/141","targetHints":{"allow":["GET"]}}],"collection":[{"href":"http:\/\/mintkreativ.hittinger.de\/index.php?rest_route=\/wp\/v2\/pages"}],"about":[{"href":"http:\/\/mintkreativ.hittinger.de\/index.php?rest_route=\/wp\/v2\/types\/page"}],"author":[{"embeddable":true,"href":"http:\/\/mintkreativ.hittinger.de\/index.php?rest_route=\/wp\/v2\/users\/1"}],"replies":[{"embeddable":true,"href":"http:\/\/mintkreativ.hittinger.de\/index.php?rest_route=%2Fwp%2Fv2%2Fcomments&post=141"}],"version-history":[{"count":12,"href":"http:\/\/mintkreativ.hittinger.de\/index.php?rest_route=\/wp\/v2\/pages\/141\/revisions"}],"predecessor-version":[{"id":216,"href":"http:\/\/mintkreativ.hittinger.de\/index.php?rest_route=\/wp\/v2\/pages\/141\/revisions\/216"}],"wp:attachment":[{"href":"http:\/\/mintkreativ.hittinger.de\/index.php?rest_route=%2Fwp%2Fv2%2Fmedia&parent=141"}],"curies":[{"name":"wp","href":"https:\/\/api.w.org\/{rel}","templated":true}]}}