{"id":138,"date":"2016-03-26T01:37:42","date_gmt":"2016-03-26T01:37:42","guid":{"rendered":"http:\/\/mintkreativ.de\/?page_id=138"},"modified":"2017-03-29T23:27:57","modified_gmt":"2017-03-29T23:27:57","slug":"prinzregentenschule-rosenheim","status":"publish","type":"page","link":"http:\/\/mintkreativ.hittinger.de\/?page_id=138","title":{"rendered":"Prinzregentenschule Rosenheim"},"content":{"rendered":"<p class=\"bodytext\"><b>Prinzregentenschule<\/b><br \/>\n<b>Prinzregentenstr. 62<\/b><br \/>\n<b>83022 Rosenheim<\/b><br \/>\n<a href=\"http:\/\/www.prinzregentenschule.de\" target=\"_blank\">http:\/\/www.prinzregentenschule.de<\/a><\/p>\n<p class=\"bodytext\"><strong>Ansprechpartnerin:<\/strong> Juliane Scholz<\/p>\n<p><strong><u>Experimente AGs der Prinzregentenschule \u2013 eine kurze Vorstellung<\/u><\/strong><\/p>\n<p>In diesem Schuljahr nehmen drei Nawi (Naturwissenschaft und Technik) AGs an dem Interreg-KLeinprojekt Mintkreativ teil.<\/p>\n<figure id=\"attachment_162\" aria-describedby=\"caption-attachment-162\" style=\"width: 300px\" class=\"wp-caption aligncenter\"><img loading=\"lazy\" decoding=\"async\" class=\"wp-image-162 size-medium\" src=\"http:\/\/mintkreativ.hittinger.de\/wp-content\/uploads\/2016\/03\/20160418_130018-300x218.jpg\" alt=\"Bildrechte: Prinzregentenschule Rosenheim\" width=\"300\" height=\"218\" srcset=\"http:\/\/mintkreativ.hittinger.de\/wp-content\/uploads\/2016\/03\/20160418_130018-300x218.jpg 300w, http:\/\/mintkreativ.hittinger.de\/wp-content\/uploads\/2016\/03\/20160418_130018-768x557.jpg 768w, http:\/\/mintkreativ.hittinger.de\/wp-content\/uploads\/2016\/03\/20160418_130018-1024x743.jpg 1024w, http:\/\/mintkreativ.hittinger.de\/wp-content\/uploads\/2016\/03\/20160418_130018-800x581.jpg 800w\" sizes=\"auto, (max-width: 300px) 100vw, 300px\" \/><figcaption id=\"caption-attachment-162\" class=\"wp-caption-text\">Bildrechte: Prinzregentenschule Rosenheim<\/figcaption><\/figure>\n<figure id=\"attachment_161\" aria-describedby=\"caption-attachment-161\" style=\"width: 300px\" class=\"wp-caption aligncenter\"><img loading=\"lazy\" decoding=\"async\" class=\"wp-image-161 size-medium\" src=\"http:\/\/mintkreativ.hittinger.de\/wp-content\/uploads\/2016\/03\/20160422_095418-300x198.jpg\" alt=\"Bildrechte: Prinzregentenschule Rosenheim\" width=\"300\" height=\"198\" srcset=\"http:\/\/mintkreativ.hittinger.de\/wp-content\/uploads\/2016\/03\/20160422_095418-300x198.jpg 300w, http:\/\/mintkreativ.hittinger.de\/wp-content\/uploads\/2016\/03\/20160422_095418-768x506.jpg 768w, http:\/\/mintkreativ.hittinger.de\/wp-content\/uploads\/2016\/03\/20160422_095418-1024x675.jpg 1024w, http:\/\/mintkreativ.hittinger.de\/wp-content\/uploads\/2016\/03\/20160422_095418-800x527.jpg 800w\" sizes=\"auto, (max-width: 300px) 100vw, 300px\" \/><figcaption id=\"caption-attachment-161\" class=\"wp-caption-text\">Bildrechte: Prinzregentenschule Rosenheim<\/figcaption><\/figure>\n<p>Im Rahmen dieses Interreg-Projektes sind wir in engem Austausch mit der Grundschule Kufstein. Wir besch\u00e4ftigen uns mit dem Inn. Der Fluss, der die beiden St\u00e4dte Rosenheim und Kufstein miteinander verbindet und somit auch unsere beiden Grundschulen.<\/p>\n<p>Spannendes Konstruieren und Bauen rund um das Thema Wasser stehen vor uns. Wir besuchen das Innmuseum, konstruieren selbst Boote aus verschiedenen Materialien, bauen Wasserr\u00e4der und unternehmen vielseitige Ausfl\u00fcge zum Inn. Eine kurze Radtour am Inn entlang und das Testen unsere selbst gebauten Modelle im Wasser d\u00fcrfen nat\u00fcrlich auch nicht fehlen.<\/p>\n<p>Bevor wir uns mit unseren Kufsteiner Partnerkindern zum gemeinsamen Werktermin im Juni treffen, kamen wir zum Entschluss, uns mit verschiedenen Br\u00fcckenarten zu besch\u00e4ftigen: Der Balken-, der Kragstein, der Bogen- und der H\u00e4ngebr\u00fccke.<\/p>\n<p>Mit Hilfe von verschiedensten Materialien (Holz, Papier, Werkzeugk\u00e4sten) k\u00f6nnen wir unsere Skizzen und \u00dcberlegungen technisch und handwerklich gut umsetzen.<\/p>\n<p>Mit viel Freude und Spa\u00df am Umgang mit Umwelt und Technik entwerfen die Sch\u00fcler neue Ideen und k\u00f6nnen ihrer Kreativit\u00e4t freien Lauf lassen.<\/p>\n<p>&nbsp;<\/p>\n","protected":false},"excerpt":{"rendered":"<p>Prinzregentenschule Prinzregentenstr. 62 83022 Rosenheim http:\/\/www.prinzregentenschule.de Ansprechpartnerin: Juliane Scholz Experimente AGs der Prinzregentenschule \u2013 eine kurze Vorstellung In diesem Schuljahr nehmen drei Nawi (Naturwissenschaft und Technik) AGs an dem Interreg-KLeinprojekt Mintkreativ teil. Im Rahmen dieses Interreg-Projektes sind wir in engem Austausch mit der Grundschule Kufstein. Wir besch\u00e4ftigen uns mit dem Inn. Der Fluss, der die&#8230;<\/p>\n","protected":false},"author":1,"featured_media":161,"parent":0,"menu_order":0,"comment_status":"closed","ping_status":"closed","template":"","meta":{"footnotes":""},"class_list":["post-138","page","type-page","status-publish","has-post-thumbnail","hentry"],"_links":{"self":[{"href":"http:\/\/mintkreativ.hittinger.de\/index.php?rest_route=\/wp\/v2\/pages\/138","targetHints":{"allow":["GET"]}}],"collection":[{"href":"http:\/\/mintkreativ.hittinger.de\/index.php?rest_route=\/wp\/v2\/pages"}],"about":[{"href":"http:\/\/mintkreativ.hittinger.de\/index.php?rest_route=\/wp\/v2\/types\/page"}],"author":[{"embeddable":true,"href":"http:\/\/mintkreativ.hittinger.de\/index.php?rest_route=\/wp\/v2\/users\/1"}],"replies":[{"embeddable":true,"href":"http:\/\/mintkreativ.hittinger.de\/index.php?rest_route=%2Fwp%2Fv2%2Fcomments&post=138"}],"version-history":[{"count":6,"href":"http:\/\/mintkreativ.hittinger.de\/index.php?rest_route=\/wp\/v2\/pages\/138\/revisions"}],"predecessor-version":[{"id":606,"href":"http:\/\/mintkreativ.hittinger.de\/index.php?rest_route=\/wp\/v2\/pages\/138\/revisions\/606"}],"wp:featuredmedia":[{"embeddable":true,"href":"http:\/\/mintkreativ.hittinger.de\/index.php?rest_route=\/wp\/v2\/media\/161"}],"wp:attachment":[{"href":"http:\/\/mintkreativ.hittinger.de\/index.php?rest_route=%2Fwp%2Fv2%2Fmedia&parent=138"}],"curies":[{"name":"wp","href":"https:\/\/api.w.org\/{rel}","templated":true}]}}