{"id":136,"date":"2016-03-26T01:36:20","date_gmt":"2016-03-26T01:36:20","guid":{"rendered":"http:\/\/mintkreativ.de\/?page_id=136"},"modified":"2020-04-05T01:40:31","modified_gmt":"2020-04-05T01:40:31","slug":"johann-rieder-realschule-rosenheim","status":"publish","type":"page","link":"http:\/\/mintkreativ.hittinger.de\/?page_id=136","title":{"rendered":"FV Johann-Rieder-Realschule Rosenheim e.V."},"content":{"rendered":"<p><strong>Projektleader<\/strong><\/p>\n<p>F\u00f6rderverein Johann-Rieder-Realschule e.V.<br \/>\nAm N\u00f6rreut 10<br \/>\n83022 Rosenheim<br \/>\n<a href=\"http:\/\/www.jrrs.de\" target=\"_blank\" rel=\"noopener noreferrer\">www.jrrs.de<\/a><\/p>\n<p>Klaus St\u00f6ttner, 1. Vorsitzender<br \/>\nMarkus Hittinger, 2. Vorsitzender<br \/>\n<strong>Ansprechpartner f\u00fcr das Projekt:<\/strong> BerR Markus Hittinger<\/p>\n<p><span style=\"color: #000000;\"><strong>Allgemeine Informationen zur Schule und der Profilausrichtung MINT<\/strong><\/span><\/p>\n<p><strong><span style=\"color: #000000;\">Robotik:<\/span><br \/>\n<\/strong>Das Wahlfach Robotik besteht seit dem Schuljahr 2007\/08 und entwickelte sich im Rahmen eines COMENIUS-Schulentwicklungsprojektes (2006-2009). Seit 2008\/09 besteht es als eigenes Wahlfach mit j\u00e4hrlich ca. 30 Sch\u00fclern. Seit dem Schuljahr 2006\/07 findet eine enge Kooperation mit der Hochschule Rosenheim, Fachbereich Informatik, statt. Das Wahlfach bindet ein Tutoren-System mit eigenst\u00e4ndigen Arbeitsgruppen ein. Themen sind u.a. Umwelttechnik, Robotik im Alltag, Weltraum und Bionik (Entwicklung zweier Roboterarme, MINT21-Preis). Im Bereich Robotik wird sehr viel Wert auf eine kreative Entwicklung gelegt. Im Vordergrund steht eine ganzheitliche Entwicklungsstrategie eines Produktes und erst nachrangig die reine Programmierung.<\/p>\n<p>Seit dem Schuljahr 2013\/14 besteht eine enge Kooperation mit der Neuen Mittelschule II in Kufstein sowie der Hochschule Kufstein und der\u00a0Tiroler Fachberufsschule f\u00fcr Wirtschaft und Technik Kufstein. Es fanden bereits mehrere Projekttreffen statt. Ein abgeschlossenes Interreg-Projekt (MINT-Inklusion) mit diesen Partnern sowie zwei Grundschulen erhielt den MINT21-Preis, das aktuelle Interreg-Projekt (MINTkreativ \u2013 von der Grundschule bis zum Beruf) wurde Ende Dezember 2016 zum Abschluss gebracht.<\/p>\n<p><strong>Informationstechnologie:<br \/>\n<\/strong>Im Fachbereich IT finden bereits seit dem Schuljahr 2005\/06 umfassende Projektarbeiten (Elternbrief, Prop\u00e4deutikum, Team- und Kommiss\u00e4rbildung, spezialisierter Unterricht, digitale Portfolioarbeit, etc.) statt, in denen die Sch\u00fcler eigenst\u00e4ndig und kreativ ein Produkt erstellen sollen. Besonderer Wert wird hier auf eine f\u00e4cher\u00fcbergreifende Zusammenarbeit gelegt, d.h. die Projektarbeiten finden regelm\u00e4\u00dfig auch in Kooperation mit anderen Fachbereichen statt. Zus\u00e4tzlich findet regelm\u00e4\u00dfig auch eine Einbindung externer Partner, z. B. St\u00e4dtisches Museum Rosenheim, Museum Oberaudorf, Hochschule Rosenheim (Fachbereich Informatik) statt. Die Projektarbeiten werden in Pr\u00e4sentationen und Ausstellungen auch au\u00dferhalb der Schule \u00f6ffentlich gemacht. Mit Teilnahmen an Wettbewerben, u.a. 1. und 2. Platz beim Heimatkundlichen Wettbewerb mit der Virtualisierung des St\u00e4dtischen Museums oder Teilnahme am Umweltpreis, etc., steigern wir die Attraktivit\u00e4t der Projektarbeit f\u00fcr die Sch\u00fcler.<\/p>\n<p>\u00c4hnlich dem Safer-Internet-Day erarbeiten Sch\u00fcler der 9. Klasse regelm\u00e4\u00dfig Inhalte zu Datenschutz und Internet und stellen diese im Rahmen von Vortr\u00e4gen den 5. und 6. Klassen vor.<\/p>\n<p><strong>Interreg-Projekt \u201eMINT und Inklusion&#8220;<br \/>\n<\/strong>Das Interreg-Projekt \u201eGemeinsam lernen \u2013 Zukunft gestalten. MINT und Inklusion\u201c erm\u00f6glichte erstmals eine grenz\u00fcberschreitende Zusammenarbeit von vier Schulen aus Rosenheim und Kufstein mit Sch\u00fclern im Alter von 6 bis 16 Jahren. Das Projekt fand 2013\/2014 statt und wurde mit dem MINT-21-Preis ausgezeichnet. Es beinhaltete eine Kooperation der Johann-Rieder-Realschule mit der Mittelschule II Kufstein (MINT-Robotik) sowie der Prinzregentenschule Rosenheim und der Grundschule Kufstein Stadt (Inklusion). Unterst\u00fctzt wurde das Projekt durch die Hochschule Kufstein. Im Rahmen des Projektes konnten die beiden Sekundarschulen eine Robotikwoche in der Jugendherberge in Berchtesgaden verbringen und gemeinsam an dem Roboterprojekt arbeiten. Die Grundschulen entwickelten einen aktiven Austausch im Bereich Inklusion. Weiterhin haben die Robotik-Sch\u00fcler der Sekundarschulen als Tutoren den Grundsch\u00fclern erste Ber\u00fchrungspunkte mit dem Fachbereich MINT-Robotik gegeben.<\/p>\n<p><strong>Interreg-Projekt \u201eMINTkreativ \u2013 von der Grundschule bis zum Beruf\u201c<br \/>\n<\/strong>Aufbauend auf das sehr erfolgreiche vorangegangene Euregio-Projekt findet aktuell ein neues Projekt statt, das von der Sparkassenstiftung Rosenheim, der Stadt Kufstein sowie der Interreg finanziert und gef\u00f6rdert wird. In diesem Projekt sind auf bayerischer Seite die Johann-Rieder-Realschule und die Prinzregentenschule eingebunden, auf tiroler Seite die neue Mittelschule II Kufstein, die Volksschule Kufstein Stadt, die\u00a0Tiroler Fachberufsschule f\u00fcr Wirtschaft und Technik Kufstein sowie die Hochschule Kufstein.<\/p>\n<p>Ziel des Projektes ist zum einen die Hinf\u00fchrung der Sch\u00fcler zum technischen Berufsfeld. Dies findet besonders im Austausch mit der Fachberufsschule statt. Zum anderen werden an den Grundschulen UMT-Materialien eingef\u00fchrt, mit denen die Grundsch\u00fcler erste bautechnische Versuche unternehmen k\u00f6nnen.<\/p>\n<p><strong>Projekt \u201eRobotik3D\u201c<br \/>\n<\/strong>Gef\u00f6rdert durch die Sparkassenstiftung Rosenheim findet dieses Projekt bis zum Schuljahr 2017\/18 statt und soll die Einbindung digitaler 3D-Drucke in das Arbeiten mit LEGO-Mindstorm erm\u00f6glichen. Dazu wird an der Schule die entsprechende technische Voraussetzung geschaffen (3D-Drucker, 3D-Scanner, etc.). Die 3D-Digitalisierung wird durch die Zusammenarbeit mit der Fachberufsschule Kufstein realisiert.<\/p>\n<p><strong>Schulmesse Rosenheim-Kufstein<br \/>\n<\/strong>Die Johann-Rieder-Realschule war mitbeteiligt an der Initiierung der ersten Euregio-Inntal-Schulmesse der St\u00e4dte Rosenheim und Kufstein, die im Fr\u00fchjahr 2013 an der Fachhochschule Kufstein erfolgreich stattgefunden hat. Seither findet in jedem Jahr eine Schulmesse entweder im Umfeld von Rosenheim oder in Kufstein statt. Die Johann-Rieder-Realschule ist seit der ersten Schulmesse Teil des Organisationsteams und war zudem bereits Ausrichter der Schulmesse 2014 an der eigenen Schule.<\/p>\n<p><strong>Kooperation mit externen Partnern:<br \/>\n<\/strong>Seit 2006 Zusammenarbeit mit dem St\u00e4dtischen Museum Rosenheim, u.a. Projekt Digitalisierung und Weiterentwicklung der mediendidaktischen Pr\u00e4sentation des Museums, verschiedene Ausstellung des Fachbereichs IT im Museum<\/p>\n<p>Seit 2006\/07 Kooperation mit der Hochschule Rosenheim, Fachbereich Informatik. Zuerst als wissenschaftliche Begleitung f\u00fcr das COMENIUS-Projekt Schulentwicklung, darauf aufbauend Unterst\u00fctzung beim Aufbau des Wahlfaches Robotik, danach Entwicklung der HochSCHULtage, bei denen Sch\u00fcler der Rosenheimer Schulen einen ersten Einblick in den Bereich Technik an der Hochschule erhalten.<\/p>\n<p>Kooperation mit weiteren Schulen: Prinzregentenschule Rosenheim, Volksschule Au, FOS\/BOS Rosenheim, Hochschule Rosenheim in den Bereichen Holztechnik und Informatik, Volksschule Kufstein Stadt (Inklusion\/MINT), Neue Mittelschule II Kufstein (Robotik), Tiroler Fachberufsschule f\u00fcr Wirtschaft und Technik Kufstein (Robotik, technische Berufe), Hochschule Kufstein (Robotik)<\/p>\n","protected":false},"excerpt":{"rendered":"<p>Projektleader F\u00f6rderverein Johann-Rieder-Realschule e.V. Am N\u00f6rreut 10 83022 Rosenheim www.jrrs.de Klaus St\u00f6ttner, 1. Vorsitzender Markus Hittinger, 2. Vorsitzender Ansprechpartner f\u00fcr das Projekt: BerR Markus Hittinger Allgemeine Informationen zur Schule und der Profilausrichtung MINT Robotik: Das Wahlfach Robotik besteht seit dem Schuljahr 2007\/08 und entwickelte sich im Rahmen eines COMENIUS-Schulentwicklungsprojektes (2006-2009). Seit 2008\/09 besteht es als&#8230;<\/p>\n","protected":false},"author":1,"featured_media":0,"parent":0,"menu_order":0,"comment_status":"closed","ping_status":"closed","template":"","meta":{"footnotes":""},"class_list":["post-136","page","type-page","status-publish","hentry"],"_links":{"self":[{"href":"http:\/\/mintkreativ.hittinger.de\/index.php?rest_route=\/wp\/v2\/pages\/136","targetHints":{"allow":["GET"]}}],"collection":[{"href":"http:\/\/mintkreativ.hittinger.de\/index.php?rest_route=\/wp\/v2\/pages"}],"about":[{"href":"http:\/\/mintkreativ.hittinger.de\/index.php?rest_route=\/wp\/v2\/types\/page"}],"author":[{"embeddable":true,"href":"http:\/\/mintkreativ.hittinger.de\/index.php?rest_route=\/wp\/v2\/users\/1"}],"replies":[{"embeddable":true,"href":"http:\/\/mintkreativ.hittinger.de\/index.php?rest_route=%2Fwp%2Fv2%2Fcomments&post=136"}],"version-history":[{"count":8,"href":"http:\/\/mintkreativ.hittinger.de\/index.php?rest_route=\/wp\/v2\/pages\/136\/revisions"}],"predecessor-version":[{"id":695,"href":"http:\/\/mintkreativ.hittinger.de\/index.php?rest_route=\/wp\/v2\/pages\/136\/revisions\/695"}],"wp:attachment":[{"href":"http:\/\/mintkreativ.hittinger.de\/index.php?rest_route=%2Fwp%2Fv2%2Fmedia&parent=136"}],"curies":[{"name":"wp","href":"https:\/\/api.w.org\/{rel}","templated":true}]}}