{"id":119,"date":"2016-03-26T01:14:16","date_gmt":"2016-03-26T01:14:16","guid":{"rendered":"http:\/\/mintkreativ.hittinger.de\/?page_id=119"},"modified":"2016-03-26T01:22:52","modified_gmt":"2016-03-26T01:22:52","slug":"anmeldeformulare","status":"publish","type":"page","link":"http:\/\/mintkreativ.hittinger.de\/?page_id=119","title":{"rendered":"Anmeldeformular Bad T\u00f6lz, 25.04. &#8211; 27.02.2016"},"content":{"rendered":"<p>Liebe Eltern und Erziehungsberechtigte, liebe Sch\u00fcler,<\/p>\n<p>die Auswahlrunde f\u00fcr die Euregio-Fahrt nach Bad T\u00f6lz hat begonnen. Hier kann das aktuelle Anmeldeformular zur Fahrt inklusive aller Hinweise noch einmal heruntergeladen werden:<\/p>\n<p><a href=\"http:\/\/mintkreativ.hittinger.de\/wp-content\/uploads\/2016\/03\/ELternanschreiben_Bad-T\u00f6lz.pdf\" rel=\"\">ELternanschreiben_Bad T\u00f6lz<\/a><\/p>\n<p>&nbsp;<\/p>\n<p>&nbsp;<\/p>\n","protected":false},"excerpt":{"rendered":"<p>Liebe Eltern und Erziehungsberechtigte, liebe Sch\u00fcler, die Auswahlrunde f\u00fcr die Euregio-Fahrt nach Bad T\u00f6lz hat begonnen. Hier kann das aktuelle Anmeldeformular zur Fahrt inklusive aller Hinweise noch einmal heruntergeladen werden: ELternanschreiben_Bad T\u00f6lz &nbsp; &nbsp;<\/p>\n","protected":false},"author":1,"featured_media":0,"parent":0,"menu_order":0,"comment_status":"closed","ping_status":"closed","template":"","meta":{"footnotes":""},"class_list":["post-119","page","type-page","status-publish","hentry"],"_links":{"self":[{"href":"http:\/\/mintkreativ.hittinger.de\/index.php?rest_route=\/wp\/v2\/pages\/119","targetHints":{"allow":["GET"]}}],"collection":[{"href":"http:\/\/mintkreativ.hittinger.de\/index.php?rest_route=\/wp\/v2\/pages"}],"about":[{"href":"http:\/\/mintkreativ.hittinger.de\/index.php?rest_route=\/wp\/v2\/types\/page"}],"author":[{"embeddable":true,"href":"http:\/\/mintkreativ.hittinger.de\/index.php?rest_route=\/wp\/v2\/users\/1"}],"replies":[{"embeddable":true,"href":"http:\/\/mintkreativ.hittinger.de\/index.php?rest_route=%2Fwp%2Fv2%2Fcomments&post=119"}],"version-history":[{"count":5,"href":"http:\/\/mintkreativ.hittinger.de\/index.php?rest_route=\/wp\/v2\/pages\/119\/revisions"}],"predecessor-version":[{"id":129,"href":"http:\/\/mintkreativ.hittinger.de\/index.php?rest_route=\/wp\/v2\/pages\/119\/revisions\/129"}],"wp:attachment":[{"href":"http:\/\/mintkreativ.hittinger.de\/index.php?rest_route=%2Fwp%2Fv2%2Fmedia&parent=119"}],"curies":[{"name":"wp","href":"https:\/\/api.w.org\/{rel}","templated":true}]}}